{"id":1397,"date":"2025-08-18T14:28:01","date_gmt":"2025-08-18T12:28:01","guid":{"rendered":"https:\/\/yinyang.nl\/regles-de-la-maison\/"},"modified":"2026-04-08T11:19:41","modified_gmt":"2026-04-08T09:19:41","slug":"regles-de-la-maison","status":"publish","type":"page","link":"https:\/\/yinyang.nl\/fr\/regles-de-la-maison\/","title":{"rendered":"R\u00e8gles de la maison"},"content":{"rendered":"\t\t<div data-elementor-type=\"wp-page\" data-elementor-id=\"1397\" class=\"elementor elementor-1397 elementor-178\" data-elementor-post-type=\"page\">\n\t\t\t\t<div class=\"elementor-element elementor-element-0ed4f55 e-con-full e-flex e-con e-parent\" data-id=\"0ed4f55\" data-element_type=\"container\" data-e-type=\"container\" data-settings=\"{&quot;background_background&quot;:&quot;classic&quot;}\">\n\t\t\t\t<div class=\"elementor-element elementor-element-222f692 elementor-widget elementor-widget-heading\" data-id=\"222f692\" data-element_type=\"widget\" data-e-type=\"widget\" data-widget_type=\"heading.default\">\n\t\t\t\t\t<h2 class=\"elementor-heading-title elementor-size-default\">R\u00e8gles de la maison<\/h2>\t\t\t\t<\/div>\n\t\t\t\t<div class=\"elementor-element elementor-element-9927b60 elementor-widget-divider--view-line elementor-widget elementor-widget-divider\" data-id=\"9927b60\" data-element_type=\"widget\" data-e-type=\"widget\" data-widget_type=\"divider.default\">\n\t\t\t\t\t\t\t<div class=\"elementor-divider\">\n\t\t\t<span class=\"elementor-divider-separator\">\n\t\t\t\t\t\t<\/span>\n\t\t<\/div>\n\t\t\t\t\t\t<\/div>\n\t\t\t\t<\/div>\n\t\t<div class=\"elementor-element elementor-element-161f1d3 e-flex e-con-boxed e-con e-parent\" data-id=\"161f1d3\" data-element_type=\"container\" data-e-type=\"container\">\n\t\t\t\t\t<div class=\"e-con-inner\">\n\t\t\t\t<div class=\"elementor-element elementor-element-507a1d3 elementor-widget elementor-widget-text-editor\" data-id=\"507a1d3\" data-element_type=\"widget\" data-e-type=\"widget\" data-widget_type=\"text-editor.default\">\n\t\t\t\t\t\t\t\t\t<div id=\"text_block-281-39\" class=\"ct-text-block\">Le respect du r\u00e8glement int\u00e9rieur est essentiel pour votre s\u00e9curit\u00e9 et la n\u00f4tre, et contribue \u00e0 l&rsquo;excellente ambiance qui r\u00e8gne d\u00e9j\u00e0 ici.<\/div><h3 id=\"headline-282-39\" class=\"ct-headline\">1. Saunaclub YinYang est une entreprise d&rsquo;installations <br><i><\/i><\/h3><div id=\"text_block-543-62\" class=\"ct-text-block\">Saunaclub YinYang vous offre la possibilit\u00e9 d&rsquo;utiliser ses services de restauration et de bien-\u00eatre, ainsi que des contacts \u00e0 caract\u00e8re sexuel (gratuits ou payants). Tout contact sexuel \u00e0 but lucratif se fait \u00e0 vos risques et p\u00e9rils. Saunaclub YinYang n&rsquo;est en aucun cas impliqu\u00e9.  <\/div><h3 id=\"headline-411-57\" class=\"ct-headline\">2. Admission \u00e0 partir de 21 ans <br><i><\/i><\/h3><div id=\"text_block-283-39\" class=\"ct-text-block\">Toute personne souhaitant entrer dans la ville doit pouvoir pr\u00e9senter une pi\u00e8ce d&rsquo;identit\u00e9 valide.<\/div><h3 id=\"headline-549-62\" class=\"ct-headline\">3. Normes et valeurs <br><i><\/i><\/h3><div id=\"text_block-552-62\" class=\"ct-text-block\">a. Toute forme de coercition, d&rsquo;agression ou de menace (verbale ou physique) envers les clients et le personnel est inacceptable et ne sera pas tol\u00e9r\u00e9e, sous peine d&rsquo;exclusion du Saunaclub Yin Yang.<br>b. Les visiteurs sont tenus d&rsquo;adopter un comportement respectueux (respect mutuel et respect des biens d&rsquo;autrui).<br>c. Toute expression de discrimination et\/ou de racisme est strictement interdite, sous peine d&rsquo;exclusion du Saunaclub Yin Yang.<br>d. Les visiteurs proposant des services sexuels tarif\u00e9s peuvent refuser les autres visiteurs.<br>e. Les actes sexuels doivent \u00eatre pratiqu\u00e9s en toute s\u00e9curit\u00e9.<br>f. Les visiteurs proposant des services sexuels tarif\u00e9s ne sont pas tenus d&rsquo;utiliser un pr\u00e9servatif si cela leur est demand\u00e9.      <\/div><h3 id=\"headline-559-62\" class=\"ct-headline\">4. Drogues et\/ou alcool <br><i><\/i><\/h3><div id=\"text_block-562-62\" class=\"ct-text-block\">a. L&rsquo;entr\u00e9e vous sera refus\u00e9e si vous \u00eates sous l&rsquo;influence de l&rsquo;alcool ou de stup\u00e9fiants.<br>b. Si vous \u00eates sous l&rsquo;influence de l&rsquo;alcool et\/ou de stup\u00e9fiants durant votre visite au Saunaclub YinYang, vous serez pri\u00e9 de quitter les lieux.<br>c. La possession, le trafic et\/ou la consommation de stup\u00e9fiants, sous quelque forme, type et quantit\u00e9 que ce soit, sont strictement interdits. Toute personne contrevenant \u00e0 cette interdiction sera imm\u00e9diatement expuls\u00e9e et se verra refuser l&rsquo;acc\u00e8s \u00e0 l&rsquo;\u00e9tablissement. Un rapport sera \u00e9tabli aupr\u00e8s des forces de l&rsquo;ordre. Les personnes ayant recours \u00e0 des services sexuels r\u00e9mun\u00e9r\u00e9s ne sont pas tenues de consommer de l&rsquo;alcool ni d&rsquo;utiliser des stup\u00e9fiants \u00e0 la demande d&rsquo;autres personnes.     <\/div><h3 id=\"headline-565-62\" class=\"ct-headline\">5. Billets de banque autoris\u00e9s <br><i><\/i><\/h3><div id=\"text_block-568-62\" class=\"ct-text-block\">Les billets de 200 \u20ac et de 500 \u20ac ne sont pas accept\u00e9s en caisse.<\/div><h3 id=\"headline-571-62\" class=\"ct-headline\">6. S\u00e9curit\u00e9 <br><i><\/i><\/h3><div id=\"text_block-573-62\" class=\"ct-text-block\">a. Vid\u00e9osurveillance : Tous les participants sont film\u00e9s et les enregistrements peuvent \u00eatre remis \u00e0 la police sur demande.<br>b. Le personnel de s\u00e9curit\u00e9 est l\u00e0 pour votre s\u00e9curit\u00e9 et la n\u00f4tre. Il est habilit\u00e9 \u00e0 donner des instructions que vous devez suivre scrupuleusement.<br>c. Il est de la responsabilit\u00e9 du personnel de s\u00e9curit\u00e9 de s&rsquo;assurer que chaque personne respecte l&rsquo;esprit du Saunaclub YinYang.<br>d. Vous acceptez que le personnel de s\u00e9curit\u00e9 puisse vous fouiller.      <br>e. En cas de rassemblement ind\u00e9sirable ou de cr\u00e9ation de tensions, vous devez quitter imm\u00e9diatement le Saunaclub YinYang sur instruction du personnel (de s\u00e9curit\u00e9). <\/div><h3 id=\"headline-577-62\" class=\"ct-headline\">7. Perte, dommage et\/ou vol <br><i><\/i><\/h3><div id=\"text_block-580-62\" class=\"ct-text-block\">a. Il est dans votre int\u00e9r\u00eat d&rsquo;utiliser les casiers verrouillables.<br>b. Il est interdit d&#8217;emporter nos biens sans autorisation.<br>c. En cas de dommages caus\u00e9s \u00e0 nos biens, \u00e0 l&rsquo;int\u00e9rieur comme \u00e0 l&rsquo;ext\u00e9rieur du b\u00e2timent, vous serez tenu responsable des frais de r\u00e9paration et\/ou de remplacement. De plus, l&rsquo;acc\u00e8s vous sera refus\u00e9.    <\/div><h3 id=\"headline-584-62\" class=\"ct-headline\">8. Il n&rsquo;est pas permis de\u2026 <br><i><\/i><\/h3><div id=\"text_block-586-62\" class=\"ct-text-block\">a. Prendre des photos ou des vid\u00e9os ;<br>b. Apporter un t\u00e9l\u00e9phone portable \u00e0 l\u2019int\u00e9rieur du Saunaclub YinYang. Vous pouvez le d\u00e9poser dans votre casier ;<br>c. Apporter des sacs, valises, etc. \u00e0 l\u2019int\u00e9rieur du Saunaclub YinYang ;<br>d. Causer des nuisances \u00e0 l\u2019int\u00e9rieur et aux abords du Saunaclub YinYang.     <\/div><h3 id=\"headline-590-62\" class=\"ct-headline\">9. Responsabilit\u00e9 <br><i><\/i><\/h3><div id=\"text_block-593-62\" class=\"ct-text-block\">Le Saunaclub YinYang, sa direction et son personnel ne peuvent \u00eatre tenus responsables de toute blessure, dommage mat\u00e9riel et\/ou immat\u00e9riel subi par les visiteurs.<\/div><h3 id=\"headline-597-62\" class=\"ct-headline\">10. V\u00eatements <br><i><\/i><\/h3><div id=\"text_block-600-62\" class=\"ct-text-block\">\u00c0 leur arriv\u00e9e, chaque client re\u00e7oit une serviette et un peignoir.<\/div><h3 id=\"headline-603-62\" class=\"ct-headline\">11. Les chambres <br><i><\/i><\/h3><div id=\"text_block-606-62\" class=\"ct-text-block\">Veuillez laisser les chambres dans le m\u00eame \u00e9tat qu&rsquo;\u00e0 votre arriv\u00e9e. Le linge sale doit \u00eatre d\u00e9pos\u00e9 dans les paniers \u00e0 linge et les d\u00e9chets dans les poubelles pr\u00e9vues \u00e0 cet effet. <\/div><h3 id=\"headline-610-62\" class=\"ct-headline\">12. Piscine <br><i><\/i><\/h3><div id=\"text_block-613-62\" class=\"ct-text-block\">Il n&rsquo;y a pas de surveillance active dans ou \u00e0 proximit\u00e9 de nos piscines et\/ou bains \u00e0 remous, et leur utilisation se fait \u00e0 vos propres risques.<\/div><h3 id=\"headline-616-62\" class=\"ct-headline\">13. En entrant, vous acceptez le r\u00e8glement int\u00e9rieur du Saunaclub YinYang. <br><i><\/i><\/h3><div id=\"text_block-619-62\" class=\"ct-text-block\">Ensuite, nous vous demandons de quitter le Saunaclub YinYang et le voisinage discr\u00e8tement et sans causer de nuisances.<\/div><h3 id=\"headline-622-62\" class=\"ct-headline\">14. Toute violation du r\u00e8glement int\u00e9rieur du Saunaclub YinYang peut entra\u00eener une expulsion.<\/h3><div id=\"text_block-624-62\" class=\"ct-text-block\">L&rsquo;\u00e9quipe vous souhaite un agr\u00e9able s\u00e9jour au SAUNACLUB YIN YANG<\/div>\t\t\t\t\t\t\t\t<\/div>\n\t\t\t\t\t<\/div>\n\t\t\t\t<\/div>\n\t\t\t\t<\/div>\n\t\t","protected":false},"excerpt":{"rendered":"<p>R\u00e8gles de la maison Le respect du r\u00e8glement int\u00e9rieur est essentiel pour votre s\u00e9curit\u00e9 et la n\u00f4tre, et contribue \u00e0 l&rsquo;excellente ambiance qui r\u00e8gne d\u00e9j\u00e0 ici. 1. Saunaclub YinYang est une entreprise d&rsquo;installations Saunaclub YinYang vous offre la possibilit\u00e9 d&rsquo;utiliser ses services de restauration et de bien-\u00eatre, ainsi que des contacts \u00e0 caract\u00e8re sexuel (gratuits [&hellip;]<\/p>\n","protected":false},"author":1,"featured_media":0,"parent":0,"menu_order":0,"comment_status":"closed","ping_status":"closed","template":"","meta":{"footnotes":""},"class_list":["post-1397","page","type-page","status-publish","hentry"],"_links":{"self":[{"href":"https:\/\/yinyang.nl\/fr\/wp-json\/wp\/v2\/pages\/1397","targetHints":{"allow":["GET"]}}],"collection":[{"href":"https:\/\/yinyang.nl\/fr\/wp-json\/wp\/v2\/pages"}],"about":[{"href":"https:\/\/yinyang.nl\/fr\/wp-json\/wp\/v2\/types\/page"}],"author":[{"embeddable":true,"href":"https:\/\/yinyang.nl\/fr\/wp-json\/wp\/v2\/users\/1"}],"replies":[{"embeddable":true,"href":"https:\/\/yinyang.nl\/fr\/wp-json\/wp\/v2\/comments?post=1397"}],"version-history":[{"count":1,"href":"https:\/\/yinyang.nl\/fr\/wp-json\/wp\/v2\/pages\/1397\/revisions"}],"predecessor-version":[{"id":1401,"href":"https:\/\/yinyang.nl\/fr\/wp-json\/wp\/v2\/pages\/1397\/revisions\/1401"}],"wp:attachment":[{"href":"https:\/\/yinyang.nl\/fr\/wp-json\/wp\/v2\/media?parent=1397"}],"curies":[{"name":"wp","href":"https:\/\/api.w.org\/{rel}","templated":true}]}}