{"id":1373,"date":"2025-08-25T11:10:18","date_gmt":"2025-08-25T09:10:18","guid":{"rendered":"https:\/\/yinyang.nl\/evenements\/"},"modified":"2026-04-08T11:12:43","modified_gmt":"2026-04-08T09:12:43","slug":"evenements","status":"publish","type":"page","link":"https:\/\/yinyang.nl\/fr\/evenements\/","title":{"rendered":"\u00c9v\u00e9nements"},"content":{"rendered":"\t\t<div data-elementor-type=\"wp-page\" data-elementor-id=\"1373\" class=\"elementor elementor-1373 elementor-462\" data-elementor-post-type=\"page\">\n\t\t\t\t<div class=\"elementor-element elementor-element-18b52e8 e-flex e-con-boxed e-con e-parent\" data-id=\"18b52e8\" data-element_type=\"container\" data-e-type=\"container\" data-settings=\"{&quot;background_background&quot;:&quot;video&quot;,&quot;background_video_link&quot;:&quot;https:\\\/\\\/yinyang.nl\\\/wp-content\\\/uploads\\\/2025\\\/07\\\/yinyang-website-bannerzonder-logo.mp4&quot;,&quot;background_play_on_mobile&quot;:&quot;yes&quot;}\">\n\t\t\t\t\t<div class=\"e-con-inner\">\n\t\t<div class=\"elementor-background-video-container\">\n\t\t\t\t\t\t\t<video class=\"elementor-background-video-hosted\" role=\"presentation\" autoplay muted playsinline loop><\/video>\n\t\t\t\t\t<\/div>\t\t<div class=\"elementor-element elementor-element-eccb3c2 elementor-widget elementor-widget-heading\" data-id=\"eccb3c2\" data-element_type=\"widget\" data-e-type=\"widget\" data-widget_type=\"heading.default\">\n\t\t\t\t\t<h2 class=\"elementor-heading-title elementor-size-default\">\u00c9v\u00e9nements<\/h2>\t\t\t\t<\/div>\n\t\t\t\t<div class=\"elementor-element elementor-element-2abf6c2 elementor-widget-divider--view-line elementor-widget elementor-widget-divider\" data-id=\"2abf6c2\" data-element_type=\"widget\" data-e-type=\"widget\" data-widget_type=\"divider.default\">\n\t\t\t\t\t\t\t<div class=\"elementor-divider\">\n\t\t\t<span class=\"elementor-divider-separator\">\n\t\t\t\t\t\t<\/span>\n\t\t<\/div>\n\t\t\t\t\t\t<\/div>\n\t\t\t\t\t<\/div>\n\t\t\t\t<\/div>\n\t\t<div class=\"elementor-element elementor-element-63919e4 e-flex e-con-boxed e-con e-parent\" data-id=\"63919e4\" data-element_type=\"container\" data-e-type=\"container\">\n\t\t\t\t\t<div class=\"e-con-inner\">\n\t\t\t\t<div class=\"elementor-element elementor-element-748607b elementor-widget elementor-widget-heading\" data-id=\"748607b\" data-element_type=\"widget\" data-e-type=\"widget\" data-widget_type=\"heading.default\">\n\t\t\t\t\t<h2 class=\"elementor-heading-title elementor-size-default\">\u00c9v\u00e9nements sp\u00e9ciaux<\/h2>\t\t\t\t<\/div>\n\t\t\t\t<div class=\"elementor-element elementor-element-1f1b5da elementor-widget elementor-widget-jet-listing-grid\" data-id=\"1f1b5da\" data-element_type=\"widget\" data-e-type=\"widget\" data-settings=\"{&quot;columns&quot;:3,&quot;columns_tablet&quot;:&quot;2&quot;,&quot;columns_mobile&quot;:&quot;1&quot;}\" data-widget_type=\"jet-listing-grid.default\">\n\t\t\t\t\t<div class=\"jet-listing-grid jet-listing\"><div class=\"jet-listing-grid__items grid-col-desk-3 grid-col-tablet-2 grid-col-mobile-1 jet-listing-grid--467 grid-collapse-gap\" data-queried-id=\"1373|WP_Post\" data-nav=\"{&quot;enabled&quot;:false,&quot;type&quot;:null,&quot;more_el&quot;:null,&quot;query&quot;:[],&quot;widget_settings&quot;:{&quot;lisitng_id&quot;:467,&quot;posts_num&quot;:999,&quot;columns&quot;:3,&quot;columns_tablet&quot;:2,&quot;columns_mobile&quot;:1,&quot;column_min_width&quot;:240,&quot;column_min_width_tablet&quot;:240,&quot;column_min_width_mobile&quot;:240,&quot;inline_columns_css&quot;:false,&quot;is_archive_template&quot;:&quot;&quot;,&quot;post_status&quot;:[&quot;publish&quot;],&quot;use_random_posts_num&quot;:&quot;&quot;,&quot;max_posts_num&quot;:9,&quot;not_found_message&quot;:&quot;No data was found&quot;,&quot;is_masonry&quot;:false,&quot;equal_columns_height&quot;:&quot;&quot;,&quot;use_load_more&quot;:&quot;&quot;,&quot;load_more_id&quot;:&quot;&quot;,&quot;load_more_type&quot;:&quot;click&quot;,&quot;load_more_offset&quot;:{&quot;unit&quot;:&quot;px&quot;,&quot;size&quot;:0,&quot;sizes&quot;:[]},&quot;use_custom_post_types&quot;:&quot;yes&quot;,&quot;custom_post_types&quot;:[&quot;events&quot;],&quot;hide_widget_if&quot;:&quot;&quot;,&quot;carousel_enabled&quot;:&quot;&quot;,&quot;slides_to_scroll&quot;:&quot;1&quot;,&quot;arrows&quot;:&quot;true&quot;,&quot;arrow_icon&quot;:&quot;fa fa-angle-left&quot;,&quot;dots&quot;:&quot;&quot;,&quot;autoplay&quot;:&quot;true&quot;,&quot;pause_on_hover&quot;:&quot;true&quot;,&quot;autoplay_speed&quot;:5000,&quot;infinite&quot;:&quot;true&quot;,&quot;center_mode&quot;:&quot;&quot;,&quot;effect&quot;:&quot;slide&quot;,&quot;speed&quot;:500,&quot;inject_alternative_items&quot;:&quot;&quot;,&quot;injection_items&quot;:[],&quot;scroll_slider_enabled&quot;:&quot;&quot;,&quot;scroll_slider_on&quot;:[&quot;desktop&quot;,&quot;tablet&quot;,&quot;mobile&quot;],&quot;custom_query&quot;:false,&quot;custom_query_id&quot;:&quot;&quot;,&quot;_element_id&quot;:&quot;&quot;,&quot;collapse_first_last_gap&quot;:&quot;true&quot;,&quot;list_tag_selection&quot;:&quot;&quot;,&quot;list_items_wrapper_tag&quot;:&quot;div&quot;,&quot;list_item_tag&quot;:&quot;div&quot;,&quot;empty_items_wrapper_tag&quot;:&quot;div&quot;}}\" data-page=\"1\" data-pages=\"1\" data-listing-source=\"posts\" data-listing-id=\"467\" data-query-id=\"\"><style>.elementor-467 .elementor-element.elementor-element-4bc5030{--display:flex;--flex-direction:row;--container-widget-width:calc( ( 1 - var( --container-widget-flex-grow ) ) * 100% );--container-widget-height:100%;--container-widget-flex-grow:1;--container-widget-align-self:stretch;--flex-wrap-mobile:wrap;--align-items:stretch;--gap:0px 10px;--row-gap:0px;--column-gap:10px;--padding-top:0px;--padding-bottom:0px;--padding-left:0px;--padding-right:0px;}.elementor-467 .elementor-element.elementor-element-09cfd76 img{width:100%;}<\/style><div class=\"jet-listing-grid__item jet-listing-dynamic-post-1188\" data-post-id=\"1188\"  >\t\t<div data-elementor-type=\"jet-listing-items\" data-elementor-id=\"467\" class=\"elementor elementor-467\" data-elementor-post-type=\"jet-engine\">\n\t\t\t\t<div class=\"elementor-element elementor-element-4bc5030 e-con-full e-flex e-con e-parent\" data-id=\"4bc5030\" data-element_type=\"container\" data-e-type=\"container\">\n\t\t\t\t<div class=\"elementor-element elementor-element-09cfd76 elementor-widget elementor-widget-image\" data-id=\"09cfd76\" data-element_type=\"widget\" data-e-type=\"widget\" data-widget_type=\"image.default\">\n\t\t\t\t\t\t\t\t\t\t\t\t\t\t\t<img fetchpriority=\"high\" decoding=\"async\" width=\"1453\" height=\"2048\" src=\"https:\/\/yinyang.nl\/wp-content\/uploads\/2026\/02\/WhatsApp-Image-2026-02-19-at-11.24.57.jpeg\" class=\"attachment-full size-full wp-image-1189\" alt=\"\" srcset=\"https:\/\/yinyang.nl\/wp-content\/uploads\/2026\/02\/WhatsApp-Image-2026-02-19-at-11.24.57.jpeg 1453w, https:\/\/yinyang.nl\/wp-content\/uploads\/2026\/02\/WhatsApp-Image-2026-02-19-at-11.24.57-213x300.jpeg 213w, https:\/\/yinyang.nl\/wp-content\/uploads\/2026\/02\/WhatsApp-Image-2026-02-19-at-11.24.57-727x1024.jpeg 727w, https:\/\/yinyang.nl\/wp-content\/uploads\/2026\/02\/WhatsApp-Image-2026-02-19-at-11.24.57-768x1082.jpeg 768w, https:\/\/yinyang.nl\/wp-content\/uploads\/2026\/02\/WhatsApp-Image-2026-02-19-at-11.24.57-1090x1536.jpeg 1090w\" sizes=\"(max-width: 1453px) 100vw, 1453px\" \/>\t\t\t\t\t\t\t\t\t\t\t\t\t\t\t<\/div>\n\t\t\t\t<\/div>\n\t\t\t\t<\/div>\n\t\t<\/div><div class=\"jet-listing-grid__item jet-listing-dynamic-post-1289\" data-post-id=\"1289\"  >\t\t<div data-elementor-type=\"jet-listing-items\" data-elementor-id=\"467\" class=\"elementor elementor-467\" data-elementor-post-type=\"jet-engine\">\n\t\t\t\t<div class=\"elementor-element elementor-element-4bc5030 e-con-full e-flex e-con e-parent\" data-id=\"4bc5030\" data-element_type=\"container\" data-e-type=\"container\">\n\t\t\t\t<div class=\"elementor-element elementor-element-09cfd76 elementor-widget elementor-widget-image\" data-id=\"09cfd76\" data-element_type=\"widget\" data-e-type=\"widget\" data-widget_type=\"image.default\">\n\t\t\t\t\t\t\t\t\t\t\t\t\t\t\t<img decoding=\"async\" width=\"1453\" height=\"2048\" src=\"https:\/\/yinyang.nl\/wp-content\/uploads\/2026\/03\/WhatsApp-Image-2026-03-02-at-09.37.01.jpeg\" class=\"attachment-full size-full wp-image-1290\" alt=\"\" srcset=\"https:\/\/yinyang.nl\/wp-content\/uploads\/2026\/03\/WhatsApp-Image-2026-03-02-at-09.37.01.jpeg 1453w, https:\/\/yinyang.nl\/wp-content\/uploads\/2026\/03\/WhatsApp-Image-2026-03-02-at-09.37.01-213x300.jpeg 213w, https:\/\/yinyang.nl\/wp-content\/uploads\/2026\/03\/WhatsApp-Image-2026-03-02-at-09.37.01-727x1024.jpeg 727w, https:\/\/yinyang.nl\/wp-content\/uploads\/2026\/03\/WhatsApp-Image-2026-03-02-at-09.37.01-768x1082.jpeg 768w, https:\/\/yinyang.nl\/wp-content\/uploads\/2026\/03\/WhatsApp-Image-2026-03-02-at-09.37.01-1090x1536.jpeg 1090w\" sizes=\"(max-width: 1453px) 100vw, 1453px\" \/>\t\t\t\t\t\t\t\t\t\t\t\t\t\t\t<\/div>\n\t\t\t\t<\/div>\n\t\t\t\t<\/div>\n\t\t<\/div><div class=\"jet-listing-grid__item jet-listing-dynamic-post-1319\" data-post-id=\"1319\"  >\t\t<div data-elementor-type=\"jet-listing-items\" data-elementor-id=\"467\" class=\"elementor elementor-467\" data-elementor-post-type=\"jet-engine\">\n\t\t\t\t<div class=\"elementor-element elementor-element-4bc5030 e-con-full e-flex e-con e-parent\" data-id=\"4bc5030\" data-element_type=\"container\" data-e-type=\"container\">\n\t\t\t\t<div class=\"elementor-element elementor-element-09cfd76 elementor-widget elementor-widget-image\" data-id=\"09cfd76\" data-element_type=\"widget\" data-e-type=\"widget\" data-widget_type=\"image.default\">\n\t\t\t\t\t\t\t\t\t\t\t\t\t\t\t<img decoding=\"async\" width=\"1453\" height=\"2048\" src=\"https:\/\/yinyang.nl\/wp-content\/uploads\/2026\/03\/WhatsApp-Image-2026-03-15-at-10.30.11.jpeg\" class=\"attachment-full size-full wp-image-1320\" alt=\"\" srcset=\"https:\/\/yinyang.nl\/wp-content\/uploads\/2026\/03\/WhatsApp-Image-2026-03-15-at-10.30.11.jpeg 1453w, https:\/\/yinyang.nl\/wp-content\/uploads\/2026\/03\/WhatsApp-Image-2026-03-15-at-10.30.11-213x300.jpeg 213w, https:\/\/yinyang.nl\/wp-content\/uploads\/2026\/03\/WhatsApp-Image-2026-03-15-at-10.30.11-727x1024.jpeg 727w, https:\/\/yinyang.nl\/wp-content\/uploads\/2026\/03\/WhatsApp-Image-2026-03-15-at-10.30.11-768x1082.jpeg 768w, https:\/\/yinyang.nl\/wp-content\/uploads\/2026\/03\/WhatsApp-Image-2026-03-15-at-10.30.11-1090x1536.jpeg 1090w\" sizes=\"(max-width: 1453px) 100vw, 1453px\" \/>\t\t\t\t\t\t\t\t\t\t\t\t\t\t\t<\/div>\n\t\t\t\t<\/div>\n\t\t\t\t<\/div>\n\t\t<\/div><\/div><\/div>\t\t\t\t<\/div>\n\t\t\t\t<div class=\"elementor-element elementor-element-a7bfac3 elementor-widget elementor-widget-heading\" data-id=\"a7bfac3\" data-element_type=\"widget\" data-e-type=\"widget\" data-widget_type=\"heading.default\">\n\t\t\t\t\t<h2 class=\"elementor-heading-title elementor-size-default\">\u00c9v\u00e9nements hebdomadaires<\/h2>\t\t\t\t<\/div>\n\t\t\t\t<div class=\"elementor-element elementor-element-d58218f elementor-widget elementor-widget-jet-listing-grid\" data-id=\"d58218f\" data-element_type=\"widget\" data-e-type=\"widget\" data-settings=\"{&quot;columns&quot;:&quot;3&quot;,&quot;columns_tablet&quot;:&quot;2&quot;,&quot;columns_mobile&quot;:&quot;1&quot;}\" data-widget_type=\"jet-listing-grid.default\">\n\t\t\t\t\t<div class=\"jet-listing-grid jet-listing\"><div class=\"jet-listing-grid__items grid-col-desk-3 grid-col-tablet-2 grid-col-mobile-1 jet-listing-grid--467 grid-collapse-gap\" data-queried-id=\"1373|WP_Post\" data-nav=\"{&quot;enabled&quot;:false,&quot;type&quot;:null,&quot;more_el&quot;:null,&quot;query&quot;:[],&quot;widget_settings&quot;:{&quot;lisitng_id&quot;:467,&quot;posts_num&quot;:999,&quot;columns&quot;:3,&quot;columns_tablet&quot;:2,&quot;columns_mobile&quot;:1,&quot;column_min_width&quot;:240,&quot;column_min_width_tablet&quot;:240,&quot;column_min_width_mobile&quot;:240,&quot;inline_columns_css&quot;:false,&quot;is_archive_template&quot;:&quot;&quot;,&quot;post_status&quot;:[&quot;publish&quot;],&quot;use_random_posts_num&quot;:&quot;&quot;,&quot;max_posts_num&quot;:9,&quot;not_found_message&quot;:&quot;No data was found&quot;,&quot;is_masonry&quot;:false,&quot;equal_columns_height&quot;:&quot;&quot;,&quot;use_load_more&quot;:&quot;&quot;,&quot;load_more_id&quot;:&quot;&quot;,&quot;load_more_type&quot;:&quot;click&quot;,&quot;load_more_offset&quot;:{&quot;unit&quot;:&quot;px&quot;,&quot;size&quot;:0,&quot;sizes&quot;:[]},&quot;use_custom_post_types&quot;:&quot;yes&quot;,&quot;custom_post_types&quot;:[&quot;events&quot;],&quot;hide_widget_if&quot;:&quot;&quot;,&quot;carousel_enabled&quot;:&quot;&quot;,&quot;slides_to_scroll&quot;:&quot;1&quot;,&quot;arrows&quot;:&quot;true&quot;,&quot;arrow_icon&quot;:&quot;fa fa-angle-left&quot;,&quot;dots&quot;:&quot;&quot;,&quot;autoplay&quot;:&quot;true&quot;,&quot;pause_on_hover&quot;:&quot;true&quot;,&quot;autoplay_speed&quot;:5000,&quot;infinite&quot;:&quot;true&quot;,&quot;center_mode&quot;:&quot;&quot;,&quot;effect&quot;:&quot;slide&quot;,&quot;speed&quot;:500,&quot;inject_alternative_items&quot;:&quot;&quot;,&quot;injection_items&quot;:[],&quot;scroll_slider_enabled&quot;:&quot;&quot;,&quot;scroll_slider_on&quot;:[&quot;desktop&quot;,&quot;tablet&quot;,&quot;mobile&quot;],&quot;custom_query&quot;:false,&quot;custom_query_id&quot;:&quot;&quot;,&quot;_element_id&quot;:&quot;&quot;,&quot;collapse_first_last_gap&quot;:&quot;true&quot;,&quot;list_tag_selection&quot;:&quot;&quot;,&quot;list_items_wrapper_tag&quot;:&quot;div&quot;,&quot;list_item_tag&quot;:&quot;div&quot;,&quot;empty_items_wrapper_tag&quot;:&quot;div&quot;}}\" data-page=\"1\" data-pages=\"1\" data-listing-source=\"posts\" data-listing-id=\"467\" data-query-id=\"\"><div class=\"jet-listing-grid__item jet-listing-dynamic-post-638\" data-post-id=\"638\"  >\t\t<div data-elementor-type=\"jet-listing-items\" data-elementor-id=\"467\" class=\"elementor elementor-467\" data-elementor-post-type=\"jet-engine\">\n\t\t\t\t<div class=\"elementor-element elementor-element-4bc5030 e-con-full e-flex e-con e-parent\" data-id=\"4bc5030\" data-element_type=\"container\" data-e-type=\"container\">\n\t\t\t\t<div class=\"elementor-element elementor-element-09cfd76 elementor-widget elementor-widget-image\" data-id=\"09cfd76\" data-element_type=\"widget\" data-e-type=\"widget\" data-widget_type=\"image.default\">\n\t\t\t\t\t\t\t\t\t\t\t\t\t\t\t<img loading=\"lazy\" decoding=\"async\" width=\"2048\" height=\"2560\" src=\"https:\/\/yinyang.nl\/wp-content\/uploads\/2025\/09\/Event-Fizzle-Friday-scaled.jpg\" class=\"attachment-full size-full wp-image-636\" alt=\"\" srcset=\"https:\/\/yinyang.nl\/wp-content\/uploads\/2025\/09\/Event-Fizzle-Friday-scaled.jpg 2048w, https:\/\/yinyang.nl\/wp-content\/uploads\/2025\/09\/Event-Fizzle-Friday-240x300.jpg 240w, https:\/\/yinyang.nl\/wp-content\/uploads\/2025\/09\/Event-Fizzle-Friday-819x1024.jpg 819w, https:\/\/yinyang.nl\/wp-content\/uploads\/2025\/09\/Event-Fizzle-Friday-768x960.jpg 768w, https:\/\/yinyang.nl\/wp-content\/uploads\/2025\/09\/Event-Fizzle-Friday-1229x1536.jpg 1229w, https:\/\/yinyang.nl\/wp-content\/uploads\/2025\/09\/Event-Fizzle-Friday-1638x2048.jpg 1638w\" sizes=\"(max-width: 2048px) 100vw, 2048px\" \/>\t\t\t\t\t\t\t\t\t\t\t\t\t\t\t<\/div>\n\t\t\t\t<\/div>\n\t\t\t\t<\/div>\n\t\t<\/div><div class=\"jet-listing-grid__item jet-listing-dynamic-post-635\" data-post-id=\"635\"  >\t\t<div data-elementor-type=\"jet-listing-items\" data-elementor-id=\"467\" class=\"elementor elementor-467\" data-elementor-post-type=\"jet-engine\">\n\t\t\t\t<div class=\"elementor-element elementor-element-4bc5030 e-con-full e-flex e-con e-parent\" data-id=\"4bc5030\" data-element_type=\"container\" data-e-type=\"container\">\n\t\t\t\t<div class=\"elementor-element elementor-element-09cfd76 elementor-widget elementor-widget-image\" data-id=\"09cfd76\" data-element_type=\"widget\" data-e-type=\"widget\" data-widget_type=\"image.default\">\n\t\t\t\t\t\t\t\t\t\t\t\t\t\t\t<img loading=\"lazy\" decoding=\"async\" width=\"2048\" height=\"2560\" src=\"https:\/\/yinyang.nl\/wp-content\/uploads\/2025\/09\/Event-Club-Night-scaled.jpg\" class=\"attachment-full size-full wp-image-637\" alt=\"\" srcset=\"https:\/\/yinyang.nl\/wp-content\/uploads\/2025\/09\/Event-Club-Night-scaled.jpg 2048w, https:\/\/yinyang.nl\/wp-content\/uploads\/2025\/09\/Event-Club-Night-240x300.jpg 240w, https:\/\/yinyang.nl\/wp-content\/uploads\/2025\/09\/Event-Club-Night-819x1024.jpg 819w, https:\/\/yinyang.nl\/wp-content\/uploads\/2025\/09\/Event-Club-Night-768x960.jpg 768w, https:\/\/yinyang.nl\/wp-content\/uploads\/2025\/09\/Event-Club-Night-1229x1536.jpg 1229w, https:\/\/yinyang.nl\/wp-content\/uploads\/2025\/09\/Event-Club-Night-1638x2048.jpg 1638w\" sizes=\"(max-width: 2048px) 100vw, 2048px\" \/>\t\t\t\t\t\t\t\t\t\t\t\t\t\t\t<\/div>\n\t\t\t\t<\/div>\n\t\t\t\t<\/div>\n\t\t<\/div><\/div><\/div>\t\t\t\t<\/div>\n\t\t\t\t\t<\/div>\n\t\t\t\t<\/div>\n\t\t\t\t<\/div>\n\t\t","protected":false},"excerpt":{"rendered":"<p>\u00c9v\u00e9nements \u00c9v\u00e9nements sp\u00e9ciaux \u00c9v\u00e9nements hebdomadaires<\/p>\n","protected":false},"author":1,"featured_media":0,"parent":0,"menu_order":0,"comment_status":"closed","ping_status":"closed","template":"","meta":{"footnotes":""},"class_list":["post-1373","page","type-page","status-publish","hentry"],"_links":{"self":[{"href":"https:\/\/yinyang.nl\/fr\/wp-json\/wp\/v2\/pages\/1373","targetHints":{"allow":["GET"]}}],"collection":[{"href":"https:\/\/yinyang.nl\/fr\/wp-json\/wp\/v2\/pages"}],"about":[{"href":"https:\/\/yinyang.nl\/fr\/wp-json\/wp\/v2\/types\/page"}],"author":[{"embeddable":true,"href":"https:\/\/yinyang.nl\/fr\/wp-json\/wp\/v2\/users\/1"}],"replies":[{"embeddable":true,"href":"https:\/\/yinyang.nl\/fr\/wp-json\/wp\/v2\/comments?post=1373"}],"version-history":[{"count":1,"href":"https:\/\/yinyang.nl\/fr\/wp-json\/wp\/v2\/pages\/1373\/revisions"}],"predecessor-version":[{"id":1374,"href":"https:\/\/yinyang.nl\/fr\/wp-json\/wp\/v2\/pages\/1373\/revisions\/1374"}],"wp:attachment":[{"href":"https:\/\/yinyang.nl\/fr\/wp-json\/wp\/v2\/media?parent=1373"}],"curies":[{"name":"wp","href":"https:\/\/api.w.org\/{rel}","templated":true}]}}