{"id":966,"date":"2025-08-18T14:28:01","date_gmt":"2025-08-18T12:28:01","guid":{"rendered":"https:\/\/yinyang.nl\/hausordnung\/"},"modified":"2025-10-16T22:39:37","modified_gmt":"2025-10-16T20:39:37","slug":"hausordnung","status":"publish","type":"page","link":"https:\/\/yinyang.nl\/de\/hausordnung\/","title":{"rendered":"Hausordnung"},"content":{"rendered":"\t\t<div data-elementor-type=\"wp-page\" data-elementor-id=\"966\" class=\"elementor elementor-966 elementor-178\" data-elementor-post-type=\"page\">\n\t\t\t\t<div class=\"elementor-element elementor-element-0ed4f55 e-con-full e-flex e-con e-parent\" data-id=\"0ed4f55\" data-element_type=\"container\" data-e-type=\"container\" data-settings=\"{&quot;background_background&quot;:&quot;classic&quot;}\">\n\t\t\t\t<div class=\"elementor-element elementor-element-222f692 elementor-widget elementor-widget-heading\" data-id=\"222f692\" data-element_type=\"widget\" data-e-type=\"widget\" data-widget_type=\"heading.default\">\n\t\t\t\t\t<h2 class=\"elementor-heading-title elementor-size-default\">Hausordnung<\/h2>\t\t\t\t<\/div>\n\t\t\t\t<div class=\"elementor-element elementor-element-9927b60 elementor-widget-divider--view-line elementor-widget elementor-widget-divider\" data-id=\"9927b60\" data-element_type=\"widget\" data-e-type=\"widget\" data-widget_type=\"divider.default\">\n\t\t\t\t\t\t\t<div class=\"elementor-divider\">\n\t\t\t<span class=\"elementor-divider-separator\">\n\t\t\t\t\t\t<\/span>\n\t\t<\/div>\n\t\t\t\t\t\t<\/div>\n\t\t\t\t<\/div>\n\t\t<div class=\"elementor-element elementor-element-161f1d3 e-flex e-con-boxed e-con e-parent\" data-id=\"161f1d3\" data-element_type=\"container\" data-e-type=\"container\">\n\t\t\t\t\t<div class=\"e-con-inner\">\n\t\t\t\t<div class=\"elementor-element elementor-element-507a1d3 elementor-widget elementor-widget-text-editor\" data-id=\"507a1d3\" data-element_type=\"widget\" data-e-type=\"widget\" data-widget_type=\"text-editor.default\">\n\t\t\t\t\t\t\t\t\t<div id=\"text_block-281-39\" class=\"ct-text-block\">Die Einhaltung der Hausordnung ist f\u00fcr Sie und unsere Sicherheit und kommt dem<br>Ausgezeichnete Atmosph\u00e4re.<\/div><h3 id=\"headline-282-39\" class=\"ct-headline\">1. Saunaclub YinYang ist ein Einrichtungsunternehmen  <br><i><\/i><\/h3><div id=\"text_block-543-62\" class=\"ct-text-block\">Der Saunaclub YinYang bietet M\u00f6glichkeiten zur Nutzung von Catering, Wellness und erotisch gef\u00e4rbten Kontakten (ob gegen Geb\u00fchr oder nicht). Alle kommerziellen Sexkontakte erfolgen auf Ihre eigenen Kosten und Verantwortung. Der Saunaclub YinYang ist daran nicht beteiligt.  <\/div><h3 id=\"headline-411-57\" class=\"ct-headline\">2. Zugang ab 21 Jahren  <br><i><\/i><\/h3><div id=\"text_block-283-39\" class=\"ct-text-block\">Jeder muss sich beim Einlass mit einem g\u00fcltigen Ausweis ausweisen k\u00f6nnen.<\/div><h3 id=\"headline-549-62\" class=\"ct-headline\">3. Normen und Werte  <br><i><\/i><\/h3><div id=\"text_block-552-62\" class=\"ct-text-block\">ein. Jede Form von N\u00f6tigung, Aggression oder Drohung (verbal oder k\u00f6rperlich) gegen\u00fcber G\u00e4sten und Mitarbeitern ist inakzeptabel und wird unter Androhung des Ausschlusses aus dem Saunaclub Yin Yang nicht toleriert.<br>b. Von einem wird ein gutes soziales Verhalten erwartet (Respekt f\u00fcreinander und den Besitz des anderen).<br>c. Jegliche \u00c4u\u00dferung von Diskriminierung und\/oder Rassismus kommt unter Androhung des Ausschlusses aus dem Saunaclub Yin Yang nicht in Frage.<br>d. Der Besucher, der sexuelle Handlungen gegen Entgelt vornimmt, kann andere Besucher ablehnen.<br>e. Sexuelle Handlungen m\u00fcssen sicher durchgef\u00fchrt werden.<br>f. Der Besucher, der sexuelle Handlungen gegen Entgelt vornimmt, ist nicht verpflichtet, auf Verlangen ohne die Verwendung eines Kondoms zu arbeiten.      <\/div><h3 id=\"headline-559-62\" class=\"ct-headline\">4. Drogen und\/oder Alkohol  <br><i><\/i><\/h3><div id=\"text_block-562-62\" class=\"ct-text-block\">ein. Wenn Sie unter dem Einfluss von Alkohol oder Drogen stehen, wird Ihnen der Zutritt verweigert.<br>b. Wenn Sie w\u00e4hrend Ihres Besuchs im Saunaclub YinYang unter Alkohol- und\/oder Drogeneinfluss geraten, werden Sie aufgefordert, das Geb\u00e4ude und das Gel\u00e4nde des Saunaclub YinYang zu verlassen.<br>c. Der Besitz, der Handel und\/oder der Konsum aller Formen, Arten und Mengen von Drogen ist strengstens untersagt. T\u00e4ter werden sofort abgef\u00fchrt und der weitere Zutritt verweigert und die Straftat bei der Polizei angezeigt. Der Besucher, der sexuelle Handlungen gegen Entgelt vornimmt, ist nicht verpflichtet, auf Verlangen anderer Besucher alkoholische Getr\u00e4nke zu trinken oder andere Bet\u00e4ubungsmittel zu konsumieren.     <\/div><h3 id=\"headline-565-62\" class=\"ct-headline\">5. Autorisierte Schuldverschreibungen  <br><i><\/i><\/h3><div id=\"text_block-568-62\" class=\"ct-text-block\">An der Kasse werden keine 200- und 500-Euro-Scheine akzeptiert.<\/div><h3 id=\"headline-571-62\" class=\"ct-headline\">6. Sicherheit  <br><i><\/i><\/h3><div id=\"text_block-573-62\" class=\"ct-text-block\">a. Kamera\u00fcberwachung: Von allen Personen werden Aufnahmen gemacht, die auf Verlangen der Polizei \u00fcbergeben werden k\u00f6nnen.<br>b. Sicherheit ist f\u00fcr Ihre und unsere Sicherheit da. Sie sind befugt, Weisungen zu erteilen, die von euch unerbittlich befolgt werden m\u00fcssen.<br>c. Es liegt in der Verantwortung der Sicherheitskr\u00e4fte, zu sehen, ob jemand in das Konzept des Saunaclub YinYang passt.<br>d. Sie erkl\u00e4ren sich damit einverstanden, dass die Sicherheitskr\u00e4fte Sie durchsuchen k\u00f6nnen und d\u00fcrfen.       <br>e. Im Falle einer unerw\u00fcnschten Ansammlung und Verspannungen m\u00fcssen Sie den Saunaclub YinYang auf Anweisung des (Sicherheits-)Personals unverz\u00fcglich dem Saunaclub YinYang melden.<br>verlassen. <\/div><h3 id=\"headline-577-62\" class=\"ct-headline\">7. Verlust, Besch\u00e4digung und\/oder Diebstahl  <br><i><\/i><\/h3><div id=\"text_block-580-62\" class=\"ct-text-block\">ein. Es liegt in Ihrem eigenen Interesse, dass Sie die abschlie\u00dfbaren Schlie\u00dff\u00e4cher nutzen.<br>b. Es ist verboten, unsere Sachen ohne Erlaubnis mitzunehmen.<br>c. Im Falle von Sch\u00e4den an unserem Eigentum innerhalb und au\u00dferhalb unseres Geb\u00e4udes haften Sie f\u00fcr die Reparatur- und\/oder Erneuerungskosten. Dar\u00fcber hinaus wird der Zugriff verweigert.    <\/div><h3 id=\"headline-584-62\" class=\"ct-headline\">8. Es ist nicht erlaubt&#8230;  <br><i><\/i><\/h3><div id=\"text_block-586-62\" class=\"ct-text-block\">ein. Machen Sie Fotos oder Videoaufnahmen;<br>b. Bringen Sie ein Mobiltelefon mit in den Saunaclub YinYang. Sie k\u00f6nnen es in Ihr eigenes Schlie\u00dffach legen;<br>c. Taschen, Koffer und dergleichen in den Saunaclub YinYang mitzubringen;<br>d. Bel\u00e4stigung im und um den Saunaclub YinYang verursachen.     <\/div><h3 id=\"headline-590-62\" class=\"ct-headline\">9. Haftung  <br><i><\/i><\/h3><div id=\"text_block-593-62\" class=\"ct-text-block\">Sauna Club YinYang, das Management und das Personal k\u00f6nnen nicht haftbar gemacht werden<br>f\u00fcr Verletzungen, materielle und\/oder immaterielle Sch\u00e4den an und von den Besuchern.<\/div><h3 id=\"headline-597-62\" class=\"ct-headline\">10. Kleidung  <br><i><\/i><\/h3><div id=\"text_block-600-62\" class=\"ct-text-block\">Bei der Ankunft erh\u00e4lt jeder Gast ein Handtuch und einen Bademantel.<\/div><h3 id=\"headline-603-62\" class=\"ct-headline\">11. Die Zimmer  <br><i><\/i><\/h3><div id=\"text_block-606-62\" class=\"ct-text-block\">Bitte hinterlassen Sie die Zimmer in demselben guten Zustand, wie Sie sie beim Betreten vorgefunden haben. Schmutz in den W\u00e4schek\u00f6rben und Abfall in den entsprechenden M\u00fclleimern. <\/div><h3 id=\"headline-610-62\" class=\"ct-headline\">12. Schwimmbad  <br><i><\/i><\/h3><div id=\"text_block-613-62\" class=\"ct-text-block\">Es gibt keine aktive Aufsicht in oder in der N\u00e4he unserer Schwimmb\u00e4der und\/oder Whirlpools und die Nutzung erfolgt auf eigene Gefahr.<\/div><h3 id=\"headline-616-62\" class=\"ct-headline\">13. Mit dem Betreten erkl\u00e4ren Sie sich mit der Hausordnung des Saunaclubs YinYang einverstanden  <br><i><\/i><\/h3><div id=\"text_block-619-62\" class=\"ct-text-block\">Danach bitten wir Sie, den Saunaclub YinYang und die Nachbarschaft ruhig und ohne Unannehmlichkeiten zu verlassen.<\/div><h3 id=\"headline-622-62\" class=\"ct-headline\">14. Ein Versto\u00df gegen die Hausordnung des Saunaclubs YinYang kann den Ausschluss zur Folge haben.<\/h3><div id=\"text_block-624-62\" class=\"ct-text-block\">Das Team w\u00fcnscht Ihnen einen angenehmen Aufenthalt im SAUNACLUB YIN YANG<\/div>\t\t\t\t\t\t\t\t<\/div>\n\t\t\t\t\t<\/div>\n\t\t\t\t<\/div>\n\t\t\t\t<\/div>\n\t\t","protected":false},"excerpt":{"rendered":"<p>Hausordnung Die Einhaltung der Hausordnung ist f\u00fcr Sie und unsere Sicherheit und kommt demAusgezeichnete Atmosph\u00e4re. 1. Saunaclub YinYang ist ein Einrichtungsunternehmen Der Saunaclub YinYang bietet M\u00f6glichkeiten zur Nutzung von Catering, Wellness und erotisch gef\u00e4rbten Kontakten (ob gegen Geb\u00fchr oder nicht). Alle kommerziellen Sexkontakte erfolgen auf Ihre eigenen Kosten und Verantwortung. Der Saunaclub YinYang ist daran [&hellip;]<\/p>\n","protected":false},"author":1,"featured_media":0,"parent":0,"menu_order":0,"comment_status":"closed","ping_status":"closed","template":"","meta":{"footnotes":""},"class_list":["post-966","page","type-page","status-publish","hentry"],"_links":{"self":[{"href":"https:\/\/yinyang.nl\/de\/wp-json\/wp\/v2\/pages\/966","targetHints":{"allow":["GET"]}}],"collection":[{"href":"https:\/\/yinyang.nl\/de\/wp-json\/wp\/v2\/pages"}],"about":[{"href":"https:\/\/yinyang.nl\/de\/wp-json\/wp\/v2\/types\/page"}],"author":[{"embeddable":true,"href":"https:\/\/yinyang.nl\/de\/wp-json\/wp\/v2\/users\/1"}],"replies":[{"embeddable":true,"href":"https:\/\/yinyang.nl\/de\/wp-json\/wp\/v2\/comments?post=966"}],"version-history":[{"count":0,"href":"https:\/\/yinyang.nl\/de\/wp-json\/wp\/v2\/pages\/966\/revisions"}],"wp:attachment":[{"href":"https:\/\/yinyang.nl\/de\/wp-json\/wp\/v2\/media?parent=966"}],"curies":[{"name":"wp","href":"https:\/\/api.w.org\/{rel}","templated":true}]}}